{"id":41,"date":"2022-06-06T08:03:29","date_gmt":"2022-06-06T08:03:29","guid":{"rendered":"https:\/\/demo.artureanec.com\/themes\/beautium\/?page_id=41"},"modified":"2023-03-19T19:08:59","modified_gmt":"2023-03-19T19:08:59","slug":"5-keshillat-e-gertes","status":"publish","type":"page","link":"https:\/\/gstudio.al\/sq\/5-keshillat-e-gertes\/","title":{"rendered":"5 k\u00ebshillat e gert\u00ebs"},"content":{"rendered":"<div data-elementor-type=\"wp-page\" data-elementor-id=\"41\" class=\"elementor elementor-41\">\n\t\t\t\t\t\t<div class=\"elementor-inner\">\n\t\t\t\t<div class=\"elementor-section-wrap\">\n\t\t\t\t\t\t\t\t\t<section class=\"elementor-section elementor-top-section elementor-element elementor-element-cacd078 elementor-section-boxed elementor-section-height-default elementor-section-height-default\" data-id=\"cacd078\" data-element_type=\"section\">\n\t\t\t\t\t\t<div class=\"elementor-container elementor-column-gap-default\">\n\t\t\t\t\t\t\t<div class=\"elementor-row\">\n\t\t\t\t\t<div class=\"elementor-column elementor-col-100 elementor-top-column elementor-element elementor-element-c43ff2b\" data-id=\"c43ff2b\" data-element_type=\"column\">\n\t\t\t<div class=\"elementor-column-wrap elementor-element-populated\">\n\t\t\t\t\t\t\t<div class=\"elementor-widget-wrap\">\n\t\t\t\t\t\t<div class=\"elementor-element elementor-element-1bab560 elementor-widget elementor-widget-beautium_blog_listing\" data-id=\"1bab560\" data-element_type=\"widget\" data-widget_type=\"beautium_blog_listing.default\">\n\t\t\t\t<div class=\"elementor-widget-container\">\n\t\t\t\n        <div class=\"archive-listing\" data-ajax='{&quot;post_type&quot;:&quot;post&quot;,&quot;posts_per_page&quot;:9,&quot;orderby&quot;:&quot;date&quot;,&quot;order&quot;:&quot;desc&quot;,&quot;paged&quot;:1,&quot;category_name&quot;:&quot;5-keshillat-e-gertes&quot;,&quot;tag&quot;:&quot;&quot;,&quot;post__in&quot;:&quot;&quot;,&quot;ignore_sticky_posts&quot;:false,&quot;link_base&quot;:&quot;https:\\\/\\\/gstudio.al\\\/sq\\\/wp-json\\\/wp\\\/v2\\\/pages\\\/41&quot;}' data-widget='{&quot;excerpt_length&quot;:323,&quot;show_cat&quot;:&quot;yes&quot;,&quot;show_media&quot;:&quot;yes&quot;,&quot;show_author&quot;:&quot;&quot;,&quot;show_date&quot;:&quot;yes&quot;,&quot;show_title&quot;:&quot;yes&quot;,&quot;show_tags&quot;:&quot;&quot;,&quot;show_excerpt&quot;:&quot;&quot;,&quot;show_read_more&quot;:&quot;&quot;,&quot;read_more_text&quot;:&quot;Read more&quot;,&quot;item_class&quot;:&quot;post grid-item grid-blog-item-wrapper&quot;,&quot;columns_number&quot;:3,&quot;show_pagination&quot;:&quot;yes&quot;}'>\n            <div class=\"archive-listing-wrapper grid-listing columns-3\">\n                \r\n<div class=\"standard-blog-item-wrapper post grid-item grid-blog-item-wrapper post-4763 type-post status-publish format-standard has-post-thumbnail hentry category-5-keshillat-e-gertes\">\r\n    <div class=\"blog-item item-with-date\">\r\n        <div class=\"post-media-wrapper\"><a href=\"https:\/\/gstudio.al\/sq\/si-te-realizojme-wet-look\/\"><picture><source media=\"(max-width: 575px)\" sizes=\"(max-width: 535px) 535px\" srcset=\"https:\/\/gstudio.al\/wp-content\/uploads\/2023\/02\/5-keshillat-1-535x400.jpg 535w\"><source media=\"(max-width: 991px)\" sizes=\"(max-width: 951px) 951px\" srcset=\"https:\/\/gstudio.al\/wp-content\/uploads\/2023\/02\/5-keshillat-1-440x415.jpg 951w\"><img decoding=\"async\" alt=\"5-keshillat\" title=\"5-keshillat\" src=\"https:\/\/gstudio.al\/wp-content\/uploads\/2023\/02\/5-keshillat-1-600x566.jpg\" class=\"attachment-beautium_post_grid_3_columns size-beautium_post_grid_3_columns wp-post-image\" \/><\/picture><\/a><\/div><div class=\"post-meta-header\"><div class=\"post-meta-item post-meta-item-date\"><span class=\"day\">26<\/span> Shk 23<\/div><\/div><div class=\"post-labels\"><div class=\"post-categories\"><a class=\"post-category-item\" href=\"https:\/\/gstudio.al\/sq\/category\/5-keshillat-e-gertes\/\">5 K\u00ebshillat e Gert\u00ebs<\/a><\/div><\/div><div class=\"post-title\"><a href=\"https:\/\/gstudio.al\/sq\/si-te-realizojme-wet-look\/\">Si t\u00eb realizojm\u00eb \u201cWet Look\u201d?<\/a><\/div>    <\/div>\r\n<\/div>\r\n<div class=\"standard-blog-item-wrapper post grid-item grid-blog-item-wrapper post-4633 type-post status-publish format-standard has-post-thumbnail hentry category-5-keshillat-e-gertes\">\r\n    <div class=\"blog-item item-with-date\">\r\n        <div class=\"post-media-wrapper\"><a href=\"https:\/\/gstudio.al\/sq\/si-te-kujdeseni-per-floket-tuaj-gjate-stines-se-veres\/\"><picture><source media=\"(max-width: 575px)\" sizes=\"(max-width: 535px) 535px\" srcset=\"https:\/\/gstudio.al\/wp-content\/uploads\/2023\/02\/5-keshillat-1-535x400.jpg 535w\"><source media=\"(max-width: 991px)\" sizes=\"(max-width: 951px) 951px\" srcset=\"https:\/\/gstudio.al\/wp-content\/uploads\/2023\/02\/5-keshillat-1-440x415.jpg 951w\"><img decoding=\"async\" alt=\"5-keshillat\" title=\"5-keshillat\" src=\"https:\/\/gstudio.al\/wp-content\/uploads\/2023\/02\/5-keshillat-1-600x566.jpg\" class=\"attachment-beautium_post_grid_3_columns size-beautium_post_grid_3_columns wp-post-image\" \/><\/picture><\/a><\/div><div class=\"post-meta-header\"><div class=\"post-meta-item post-meta-item-date\"><span class=\"day\">15<\/span> Shk 23<\/div><\/div><div class=\"post-labels\"><div class=\"post-categories\"><a class=\"post-category-item\" href=\"https:\/\/gstudio.al\/sq\/category\/5-keshillat-e-gertes\/\">5 K\u00ebshillat e Gert\u00ebs<\/a><\/div><\/div><div class=\"post-title\"><a href=\"https:\/\/gstudio.al\/sq\/si-te-kujdeseni-per-floket-tuaj-gjate-stines-se-veres\/\">Si t\u00eb kujdeseni p\u00ebr flok\u00ebt tuaj gjat\u00eb stin\u00ebs s\u00eb ver\u00ebs<\/a><\/div>    <\/div>\r\n<\/div>\r\n<div class=\"standard-blog-item-wrapper post grid-item grid-blog-item-wrapper post-4910 type-post status-publish format-standard has-post-thumbnail hentry category-5-keshillat-e-gertes\">\r\n    <div class=\"blog-item item-with-date\">\r\n        <div class=\"post-media-wrapper\"><a href=\"https:\/\/gstudio.al\/sq\/model-i-inspiruar-nga-pamela-anderson\/\"><picture><source media=\"(max-width: 575px)\" sizes=\"(max-width: 535px) 535px\" srcset=\"https:\/\/gstudio.al\/wp-content\/uploads\/2023\/02\/5-keshillat-1-535x400.jpg 535w\"><source media=\"(max-width: 991px)\" sizes=\"(max-width: 951px) 951px\" srcset=\"https:\/\/gstudio.al\/wp-content\/uploads\/2023\/02\/5-keshillat-1-440x415.jpg 951w\"><img decoding=\"async\" alt=\"5-keshillat\" title=\"5-keshillat\" src=\"https:\/\/gstudio.al\/wp-content\/uploads\/2023\/02\/5-keshillat-1-600x566.jpg\" class=\"attachment-beautium_post_grid_3_columns size-beautium_post_grid_3_columns wp-post-image\" \/><\/picture><\/a><\/div><div class=\"post-meta-header\"><div class=\"post-meta-item post-meta-item-date\"><span class=\"day\">16<\/span> Dhj 22<\/div><\/div><div class=\"post-labels\"><div class=\"post-categories\"><a class=\"post-category-item\" href=\"https:\/\/gstudio.al\/sq\/category\/5-keshillat-e-gertes\/\">5 K\u00ebshillat e Gert\u00ebs<\/a><\/div><\/div><div class=\"post-title\"><a href=\"https:\/\/gstudio.al\/sq\/model-i-inspiruar-nga-pamela-anderson\/\">Model i inspiruar nga Pamela Anderson<\/a><\/div>    <\/div>\r\n<\/div>\r\n<div class=\"standard-blog-item-wrapper post grid-item grid-blog-item-wrapper post-4905 type-post status-publish format-standard has-post-thumbnail hentry category-5-keshillat-e-gertes\">\r\n    <div class=\"blog-item item-with-date\">\r\n        <div class=\"post-media-wrapper\"><a href=\"https:\/\/gstudio.al\/sq\/make-up-perfekt-per-fytyre-perfekte\/\"><picture><source media=\"(max-width: 575px)\" sizes=\"(max-width: 535px) 535px\" srcset=\"https:\/\/gstudio.al\/wp-content\/uploads\/2023\/02\/5-keshillat-1-535x400.jpg 535w\"><source media=\"(max-width: 991px)\" sizes=\"(max-width: 951px) 951px\" srcset=\"https:\/\/gstudio.al\/wp-content\/uploads\/2023\/02\/5-keshillat-1-440x415.jpg 951w\"><img decoding=\"async\" alt=\"5-keshillat\" title=\"5-keshillat\" src=\"https:\/\/gstudio.al\/wp-content\/uploads\/2023\/02\/5-keshillat-1-600x566.jpg\" class=\"attachment-beautium_post_grid_3_columns size-beautium_post_grid_3_columns wp-post-image\" \/><\/picture><\/a><\/div><div class=\"post-meta-header\"><div class=\"post-meta-item post-meta-item-date\"><span class=\"day\">28<\/span> N\u00ebn 22<\/div><\/div><div class=\"post-labels\"><div class=\"post-categories\"><a class=\"post-category-item\" href=\"https:\/\/gstudio.al\/sq\/category\/5-keshillat-e-gertes\/\">5 K\u00ebshillat e Gert\u00ebs<\/a><\/div><\/div><div class=\"post-title\"><a href=\"https:\/\/gstudio.al\/sq\/make-up-perfekt-per-fytyre-perfekte\/\">Make up perfekt p\u00ebr fytyr\u00eb perfekte<\/a><\/div>    <\/div>\r\n<\/div>\r\n<div class=\"standard-blog-item-wrapper post grid-item grid-blog-item-wrapper post-4900 type-post status-publish format-standard has-post-thumbnail hentry category-5-keshillat-e-gertes\">\r\n    <div class=\"blog-item item-with-date\">\r\n        <div class=\"post-media-wrapper\"><a href=\"https:\/\/gstudio.al\/sq\/keshilla-per-floket-biond\/\"><picture><source media=\"(max-width: 575px)\" sizes=\"(max-width: 535px) 535px\" srcset=\"https:\/\/gstudio.al\/wp-content\/uploads\/2023\/02\/5-keshillat-1-535x400.jpg 535w\"><source media=\"(max-width: 991px)\" sizes=\"(max-width: 951px) 951px\" srcset=\"https:\/\/gstudio.al\/wp-content\/uploads\/2023\/02\/5-keshillat-1-440x415.jpg 951w\"><img decoding=\"async\" alt=\"5-keshillat\" title=\"5-keshillat\" src=\"https:\/\/gstudio.al\/wp-content\/uploads\/2023\/02\/5-keshillat-1-600x566.jpg\" class=\"attachment-beautium_post_grid_3_columns size-beautium_post_grid_3_columns wp-post-image\" \/><\/picture><\/a><\/div><div class=\"post-meta-header\"><div class=\"post-meta-item post-meta-item-date\"><span class=\"day\">23<\/span> N\u00ebn 22<\/div><\/div><div class=\"post-labels\"><div class=\"post-categories\"><a class=\"post-category-item\" href=\"https:\/\/gstudio.al\/sq\/category\/5-keshillat-e-gertes\/\">5 K\u00ebshillat e Gert\u00ebs<\/a><\/div><\/div><div class=\"post-title\"><a href=\"https:\/\/gstudio.al\/sq\/keshilla-per-floket-biond\/\">K\u00ebshilla p\u00ebr flok\u00ebt biond<\/a><\/div>    <\/div>\r\n<\/div>\r\n<div class=\"standard-blog-item-wrapper post grid-item grid-blog-item-wrapper post-4894 type-post status-publish format-standard has-post-thumbnail hentry category-5-keshillat-e-gertes\">\r\n    <div class=\"blog-item item-with-date\">\r\n        <div class=\"post-media-wrapper\"><a href=\"https:\/\/gstudio.al\/sq\/skincare-routine\/\"><picture><source media=\"(max-width: 575px)\" sizes=\"(max-width: 535px) 535px\" srcset=\"https:\/\/gstudio.al\/wp-content\/uploads\/2023\/02\/5-keshillat-1-535x400.jpg 535w\"><source media=\"(max-width: 991px)\" sizes=\"(max-width: 951px) 951px\" srcset=\"https:\/\/gstudio.al\/wp-content\/uploads\/2023\/02\/5-keshillat-1-440x415.jpg 951w\"><img decoding=\"async\" alt=\"5-keshillat\" title=\"5-keshillat\" src=\"https:\/\/gstudio.al\/wp-content\/uploads\/2023\/02\/5-keshillat-1-600x566.jpg\" class=\"attachment-beautium_post_grid_3_columns size-beautium_post_grid_3_columns wp-post-image\" \/><\/picture><\/a><\/div><div class=\"post-meta-header\"><div class=\"post-meta-item post-meta-item-date\"><span class=\"day\">22<\/span> N\u00ebn 22<\/div><\/div><div class=\"post-labels\"><div class=\"post-categories\"><a class=\"post-category-item\" href=\"https:\/\/gstudio.al\/sq\/category\/5-keshillat-e-gertes\/\">5 K\u00ebshillat e Gert\u00ebs<\/a><\/div><\/div><div class=\"post-title\"><a href=\"https:\/\/gstudio.al\/sq\/skincare-routine\/\">Skincare routine<\/a><\/div>    <\/div>\r\n<\/div>\r\n<div class=\"standard-blog-item-wrapper post grid-item grid-blog-item-wrapper post-4889 type-post status-publish format-standard has-post-thumbnail hentry category-5-keshillat-e-gertes\">\r\n    <div class=\"blog-item item-with-date\">\r\n        <div class=\"post-media-wrapper\"><a href=\"https:\/\/gstudio.al\/sq\/rendesia-e-formes-se-fytyres-ne-estetiken-tone-2\/\"><picture><source media=\"(max-width: 575px)\" sizes=\"(max-width: 535px) 535px\" srcset=\"https:\/\/gstudio.al\/wp-content\/uploads\/2023\/02\/5-keshillat-1-535x400.jpg 535w\"><source media=\"(max-width: 991px)\" sizes=\"(max-width: 951px) 951px\" srcset=\"https:\/\/gstudio.al\/wp-content\/uploads\/2023\/02\/5-keshillat-1-440x415.jpg 951w\"><img decoding=\"async\" alt=\"5-keshillat\" title=\"5-keshillat\" src=\"https:\/\/gstudio.al\/wp-content\/uploads\/2023\/02\/5-keshillat-1-600x566.jpg\" class=\"attachment-beautium_post_grid_3_columns size-beautium_post_grid_3_columns wp-post-image\" \/><\/picture><\/a><\/div><div class=\"post-meta-header\"><div class=\"post-meta-item post-meta-item-date\"><span class=\"day\">09<\/span> N\u00ebn 22<\/div><\/div><div class=\"post-labels\"><div class=\"post-categories\"><a class=\"post-category-item\" href=\"https:\/\/gstudio.al\/sq\/category\/5-keshillat-e-gertes\/\">5 K\u00ebshillat e Gert\u00ebs<\/a><\/div><\/div><div class=\"post-title\"><a href=\"https:\/\/gstudio.al\/sq\/rendesia-e-formes-se-fytyres-ne-estetiken-tone-2\/\">R\u00ebnd\u00ebsia e form\u00ebs s\u00eb fytyr\u00ebs #2<\/a><\/div>    <\/div>\r\n<\/div>\r\n<div class=\"standard-blog-item-wrapper post grid-item grid-blog-item-wrapper post-4884 type-post status-publish format-standard has-post-thumbnail hentry category-5-keshillat-e-gertes\">\r\n    <div class=\"blog-item item-with-date\">\r\n        <div class=\"post-media-wrapper\"><a href=\"https:\/\/gstudio.al\/sq\/rikrijim-i-sharon-stone\/\"><picture><source media=\"(max-width: 575px)\" sizes=\"(max-width: 535px) 535px\" srcset=\"https:\/\/gstudio.al\/wp-content\/uploads\/2023\/02\/5-keshillat-1-535x400.jpg 535w\"><source media=\"(max-width: 991px)\" sizes=\"(max-width: 951px) 951px\" srcset=\"https:\/\/gstudio.al\/wp-content\/uploads\/2023\/02\/5-keshillat-1-440x415.jpg 951w\"><img decoding=\"async\" alt=\"5-keshillat\" title=\"5-keshillat\" src=\"https:\/\/gstudio.al\/wp-content\/uploads\/2023\/02\/5-keshillat-1-600x566.jpg\" class=\"attachment-beautium_post_grid_3_columns size-beautium_post_grid_3_columns wp-post-image\" \/><\/picture><\/a><\/div><div class=\"post-meta-header\"><div class=\"post-meta-item post-meta-item-date\"><span class=\"day\">18<\/span> Tet 22<\/div><\/div><div class=\"post-labels\"><div class=\"post-categories\"><a class=\"post-category-item\" href=\"https:\/\/gstudio.al\/sq\/category\/5-keshillat-e-gertes\/\">5 K\u00ebshillat e Gert\u00ebs<\/a><\/div><\/div><div class=\"post-title\"><a href=\"https:\/\/gstudio.al\/sq\/rikrijim-i-sharon-stone\/\">Rikrijim i Sharon Stone<\/a><\/div>    <\/div>\r\n<\/div>\r\n<div class=\"standard-blog-item-wrapper post grid-item grid-blog-item-wrapper post-4879 type-post status-publish format-standard has-post-thumbnail hentry category-5-keshillat-e-gertes\">\r\n    <div class=\"blog-item item-with-date\">\r\n        <div class=\"post-media-wrapper\"><a href=\"https:\/\/gstudio.al\/sq\/rendesia-e-formes-se-fytyres-ne-estetiken-tone\/\"><picture><source media=\"(max-width: 575px)\" sizes=\"(max-width: 535px) 535px\" srcset=\"https:\/\/gstudio.al\/wp-content\/uploads\/2023\/02\/5-keshillat-1-535x400.jpg 535w\"><source media=\"(max-width: 991px)\" sizes=\"(max-width: 951px) 951px\" srcset=\"https:\/\/gstudio.al\/wp-content\/uploads\/2023\/02\/5-keshillat-1-440x415.jpg 951w\"><img decoding=\"async\" alt=\"5-keshillat\" title=\"5-keshillat\" src=\"https:\/\/gstudio.al\/wp-content\/uploads\/2023\/02\/5-keshillat-1-600x566.jpg\" class=\"attachment-beautium_post_grid_3_columns size-beautium_post_grid_3_columns wp-post-image\" \/><\/picture><\/a><\/div><div class=\"post-meta-header\"><div class=\"post-meta-item post-meta-item-date\"><span class=\"day\">14<\/span> Tet 22<\/div><\/div><div class=\"post-labels\"><div class=\"post-categories\"><a class=\"post-category-item\" href=\"https:\/\/gstudio.al\/sq\/category\/5-keshillat-e-gertes\/\">5 K\u00ebshillat e Gert\u00ebs<\/a><\/div><\/div><div class=\"post-title\"><a href=\"https:\/\/gstudio.al\/sq\/rendesia-e-formes-se-fytyres-ne-estetiken-tone\/\">R\u00ebnd\u00ebsia e form\u00ebs s\u00eb fytyr\u00ebs<\/a><\/div>    <\/div>\r\n<\/div>            <\/div>\n\n            <div class=\"content-pagination\"><nav class=\"pagination\"><div class=\"nav-links\"><span aria-current=\"page\" class=\"page-numbers current\">1<\/span>\n<a class=\"page-numbers\" href=\"https:\/\/gstudio.al\/sq\/wp-json\/wp\/v2\/pages\/41\/?1bab560-paged=2\">2<\/a>\n<a class=\"page-numbers\" href=\"https:\/\/gstudio.al\/sq\/wp-json\/wp\/v2\/pages\/41\/?1bab560-paged=3\">3<\/a><\/div><\/nav><\/div>        <\/div>\n        \t\t<\/div>\n\t\t\t\t<\/div>\n\t\t\t\t\t\t<\/div>\n\t\t\t\t\t<\/div>\n\t\t<\/div>\n\t\t\t\t\t\t\t\t<\/div>\n\t\t\t\t\t<\/div>\n\t\t<\/section>\n\t\t\t\t\t\t\t\t\t<\/div>\n\t\t\t<\/div>\n\t\t\t\t\t<\/div>","protected":false},"excerpt":{"rendered":"","protected":false},"author":1,"featured_media":0,"parent":0,"menu_order":0,"comment_status":"closed","ping_status":"closed","template":"","meta":{"footnotes":""},"class_list":["post-41","page","type-page","status-publish","hentry"],"yoast_head":"<!-- This site is optimized with the Yoast SEO plugin v21.8 - https:\/\/yoast.com\/wordpress\/plugins\/seo\/ -->\n<title>5 k\u00ebshillat e gert\u00ebs - G-Studio<\/title>\n<meta name=\"robots\" content=\"index, follow, max-snippet:-1, max-image-preview:large, max-video-preview:-1\" \/>\n<link rel=\"canonical\" href=\"https:\/\/gstudio.al\/sq\/5-keshillat-e-gertes\/\" \/>\n<meta property=\"og:locale\" content=\"sq_AL\" \/>\n<meta property=\"og:type\" content=\"article\" \/>\n<meta property=\"og:title\" content=\"5 k\u00ebshillat e gert\u00ebs - G-Studio\" \/>\n<meta property=\"og:url\" content=\"https:\/\/gstudio.al\/sq\/5-keshillat-e-gertes\/\" \/>\n<meta property=\"og:site_name\" content=\"G-Studio\" \/>\n<meta property=\"article:publisher\" content=\"https:\/\/www.facebook.com\/people\/G-Studio-Tirana\/100025134322225\/\" \/>\n<meta property=\"article:modified_time\" content=\"2023-03-19T19:08:59+00:00\" \/>\n<meta property=\"og:image\" content=\"https:\/\/gstudio.al\/wp-content\/uploads\/2023\/03\/brave-woman2.jpg\" \/>\n\t<meta property=\"og:image:width\" content=\"868\" \/>\n\t<meta property=\"og:image:height\" content=\"550\" \/>\n\t<meta property=\"og:image:type\" content=\"image\/jpeg\" \/>\n<meta name=\"twitter:card\" content=\"summary_large_image\" \/>\n<script type=\"application\/ld+json\" class=\"yoast-schema-graph\">{\"@context\":\"https:\/\/schema.org\",\"@graph\":[{\"@type\":\"WebPage\",\"@id\":\"https:\/\/gstudio.al\/5-keshillat-e-gertes\/\",\"url\":\"https:\/\/gstudio.al\/5-keshillat-e-gertes\/\",\"name\":\"5 k\u00ebshillat e gert\u00ebs - G-Studio\",\"isPartOf\":{\"@id\":\"https:\/\/gstudio.al\/#website\"},\"datePublished\":\"2022-06-06T08:03:29+00:00\",\"dateModified\":\"2023-03-19T19:08:59+00:00\",\"breadcrumb\":{\"@id\":\"https:\/\/gstudio.al\/5-keshillat-e-gertes\/#breadcrumb\"},\"inLanguage\":\"sq\",\"potentialAction\":[{\"@type\":\"ReadAction\",\"target\":[\"https:\/\/gstudio.al\/5-keshillat-e-gertes\/\"]}]},{\"@type\":\"BreadcrumbList\",\"@id\":\"https:\/\/gstudio.al\/5-keshillat-e-gertes\/#breadcrumb\",\"itemListElement\":[{\"@type\":\"ListItem\",\"position\":1,\"name\":\"Home\",\"item\":\"https:\/\/gstudio.al\/\"},{\"@type\":\"ListItem\",\"position\":2,\"name\":\"5 k\u00ebshillat e gert\u00ebs\"}]},{\"@type\":\"WebSite\",\"@id\":\"https:\/\/gstudio.al\/#website\",\"url\":\"https:\/\/gstudio.al\/\",\"name\":\"G-Studio\",\"description\":\"Not perfect, but beautiful!\",\"publisher\":{\"@id\":\"https:\/\/gstudio.al\/#organization\"},\"potentialAction\":[{\"@type\":\"SearchAction\",\"target\":{\"@type\":\"EntryPoint\",\"urlTemplate\":\"https:\/\/gstudio.al\/?s={search_term_string}\"},\"query-input\":\"required name=search_term_string\"}],\"inLanguage\":\"sq\"},{\"@type\":\"Organization\",\"@id\":\"https:\/\/gstudio.al\/#organization\",\"name\":\"G Studio\",\"url\":\"https:\/\/gstudio.al\/\",\"logo\":{\"@type\":\"ImageObject\",\"inLanguage\":\"sq\",\"@id\":\"https:\/\/gstudio.al\/#\/schema\/logo\/image\/\",\"url\":\"https:\/\/gstudio.al\/wp-content\/uploads\/2023\/01\/logo.jpg\",\"contentUrl\":\"https:\/\/gstudio.al\/wp-content\/uploads\/2023\/01\/logo.jpg\",\"width\":465,\"height\":465,\"caption\":\"G Studio\"},\"image\":{\"@id\":\"https:\/\/gstudio.al\/#\/schema\/logo\/image\/\"},\"sameAs\":[\"https:\/\/www.facebook.com\/people\/G-Studio-Tirana\/100025134322225\/\",\"https:\/\/www.youtube.com\/@G-Studio-jq7fd\",\"https:\/\/www.instagram.com\/gstudio_\"]}]}<\/script>\n<!-- \/ Yoast SEO plugin. -->","yoast_head_json":{"title":"5 k\u00ebshillat e gert\u00ebs - G-Studio","robots":{"index":"index","follow":"follow","max-snippet":"max-snippet:-1","max-image-preview":"max-image-preview:large","max-video-preview":"max-video-preview:-1"},"canonical":"https:\/\/gstudio.al\/sq\/5-keshillat-e-gertes\/","og_locale":"sq_AL","og_type":"article","og_title":"5 k\u00ebshillat e gert\u00ebs - G-Studio","og_url":"https:\/\/gstudio.al\/sq\/5-keshillat-e-gertes\/","og_site_name":"G-Studio","article_publisher":"https:\/\/www.facebook.com\/people\/G-Studio-Tirana\/100025134322225\/","article_modified_time":"2023-03-19T19:08:59+00:00","og_image":[{"width":868,"height":550,"url":"https:\/\/gstudio.al\/wp-content\/uploads\/2023\/03\/brave-woman2.jpg","type":"image\/jpeg"}],"twitter_card":"summary_large_image","schema":{"@context":"https:\/\/schema.org","@graph":[{"@type":"WebPage","@id":"https:\/\/gstudio.al\/5-keshillat-e-gertes\/","url":"https:\/\/gstudio.al\/5-keshillat-e-gertes\/","name":"5 k\u00ebshillat e gert\u00ebs - G-Studio","isPartOf":{"@id":"https:\/\/gstudio.al\/#website"},"datePublished":"2022-06-06T08:03:29+00:00","dateModified":"2023-03-19T19:08:59+00:00","breadcrumb":{"@id":"https:\/\/gstudio.al\/5-keshillat-e-gertes\/#breadcrumb"},"inLanguage":"sq","potentialAction":[{"@type":"ReadAction","target":["https:\/\/gstudio.al\/5-keshillat-e-gertes\/"]}]},{"@type":"BreadcrumbList","@id":"https:\/\/gstudio.al\/5-keshillat-e-gertes\/#breadcrumb","itemListElement":[{"@type":"ListItem","position":1,"name":"Home","item":"https:\/\/gstudio.al\/"},{"@type":"ListItem","position":2,"name":"5 k\u00ebshillat e gert\u00ebs"}]},{"@type":"WebSite","@id":"https:\/\/gstudio.al\/#website","url":"https:\/\/gstudio.al\/","name":"G-Studio","description":"Not perfect, but beautiful!","publisher":{"@id":"https:\/\/gstudio.al\/#organization"},"potentialAction":[{"@type":"SearchAction","target":{"@type":"EntryPoint","urlTemplate":"https:\/\/gstudio.al\/?s={search_term_string}"},"query-input":"required name=search_term_string"}],"inLanguage":"sq"},{"@type":"Organization","@id":"https:\/\/gstudio.al\/#organization","name":"G Studio","url":"https:\/\/gstudio.al\/","logo":{"@type":"ImageObject","inLanguage":"sq","@id":"https:\/\/gstudio.al\/#\/schema\/logo\/image\/","url":"https:\/\/gstudio.al\/wp-content\/uploads\/2023\/01\/logo.jpg","contentUrl":"https:\/\/gstudio.al\/wp-content\/uploads\/2023\/01\/logo.jpg","width":465,"height":465,"caption":"G Studio"},"image":{"@id":"https:\/\/gstudio.al\/#\/schema\/logo\/image\/"},"sameAs":["https:\/\/www.facebook.com\/people\/G-Studio-Tirana\/100025134322225\/","https:\/\/www.youtube.com\/@G-Studio-jq7fd","https:\/\/www.instagram.com\/gstudio_"]}]}},"_links":{"self":[{"href":"https:\/\/gstudio.al\/sq\/wp-json\/wp\/v2\/pages\/41","targetHints":{"allow":["GET"]}}],"collection":[{"href":"https:\/\/gstudio.al\/sq\/wp-json\/wp\/v2\/pages"}],"about":[{"href":"https:\/\/gstudio.al\/sq\/wp-json\/wp\/v2\/types\/page"}],"author":[{"embeddable":true,"href":"https:\/\/gstudio.al\/sq\/wp-json\/wp\/v2\/users\/1"}],"replies":[{"embeddable":true,"href":"https:\/\/gstudio.al\/sq\/wp-json\/wp\/v2\/comments?post=41"}],"version-history":[{"count":0,"href":"https:\/\/gstudio.al\/sq\/wp-json\/wp\/v2\/pages\/41\/revisions"}],"wp:attachment":[{"href":"https:\/\/gstudio.al\/sq\/wp-json\/wp\/v2\/media?parent=41"}],"curies":[{"name":"wp","href":"https:\/\/api.w.org\/{rel}","templated":true}]}}